{"id":14750,"date":"2025-03-31T15:03:37","date_gmt":"2025-03-31T13:03:37","guid":{"rendered":"https:\/\/megaflex.dk\/?page_id=14750"},"modified":"2025-04-09T18:25:54","modified_gmt":"2025-04-09T16:25:54","slug":"znajdz-swoja-zaloge","status":"publish","type":"page","link":"https:\/\/megaflex.dk\/pl\/znajdz-swoja-zaloge\/","title":{"rendered":"Znajd\u017a swoj\u0105 za\u0142og\u0119"},"content":{"rendered":"\t\t<div data-elementor-type=\"wp-page\" data-elementor-id=\"14750\" class=\"elementor elementor-14750 elementor-14662\" data-elementor-post-type=\"page\">\n\t\t\t\t\t\t<section class=\"elementor-section elementor-top-section elementor-element elementor-element-570c5ed elementor-section-full_width elementor-section-height-default elementor-section-height-default\" data-id=\"570c5ed\" data-element_type=\"section\" data-e-type=\"section\" data-settings=\"{&quot;background_background&quot;:&quot;classic&quot;}\">\n\t\t\t\t\t\t\t<div class=\"elementor-background-overlay\"><\/div>\n\t\t\t\t\t\t\t<div class=\"elementor-container elementor-column-gap-default\">\n\t\t\t\t\t<div class=\"elementor-column elementor-col-50 elementor-top-column elementor-element elementor-element-a0feac1\" data-id=\"a0feac1\" data-element_type=\"column\" data-e-type=\"column\" data-settings=\"{&quot;background_background&quot;:&quot;classic&quot;}\">\n\t\t\t<div class=\"elementor-widget-wrap elementor-element-populated\">\n\t\t\t\t\t<div class=\"elementor-background-overlay\"><\/div>\n\t\t\t\t\t\t<section class=\"elementor-section elementor-inner-section elementor-element elementor-element-ab6e00b elementor-section-full_width elementor-section-height-min-height elementor-section-height-default\" data-id=\"ab6e00b\" data-element_type=\"section\" data-e-type=\"section\">\n\t\t\t\t\t\t<div class=\"elementor-container elementor-column-gap-default\">\n\t\t\t\t\t<div class=\"elementor-column elementor-col-50 elementor-inner-column elementor-element elementor-element-848fbf1\" data-id=\"848fbf1\" data-element_type=\"column\" data-e-type=\"column\">\n\t\t\t<div class=\"elementor-widget-wrap\">\n\t\t\t\t\t\t\t<\/div>\n\t\t<\/div>\n\t\t\t\t<div class=\"elementor-column elementor-col-50 elementor-inner-column elementor-element elementor-element-c22e1dd\" data-id=\"c22e1dd\" data-element_type=\"column\" data-e-type=\"column\">\n\t\t\t<div class=\"elementor-widget-wrap\">\n\t\t\t\t\t\t\t<\/div>\n\t\t<\/div>\n\t\t\t\t\t<\/div>\n\t\t<\/section>\n\t\t\t\t\t<\/div>\n\t\t<\/div>\n\t\t\t\t<div class=\"elementor-column elementor-col-50 elementor-top-column elementor-element elementor-element-0be2c89\" data-id=\"0be2c89\" data-element_type=\"column\" data-e-type=\"column\">\n\t\t\t<div class=\"elementor-widget-wrap elementor-element-populated\">\n\t\t\t\t\t\t<div class=\"elementor-element elementor-element-6c8abd4 elementor-widget elementor-widget-heading\" data-id=\"6c8abd4\" data-element_type=\"widget\" data-e-type=\"widget\" data-widget_type=\"heading.default\">\n\t\t\t\t<div class=\"elementor-widget-container\">\n\t\t\t\t\t<h1 class=\"elementor-heading-title elementor-size-default\">\nznajd\u017a swoj\u0105 za\u0142og\u0119<\/h1>\t\t\t\t<\/div>\n\t\t\t\t<\/div>\n\t\t\t\t<div class=\"elementor-element elementor-element-850acbc elementor-invisible elementor-widget elementor-widget-text-editor\" data-id=\"850acbc\" data-element_type=\"widget\" data-e-type=\"widget\" data-settings=\"{&quot;_animation&quot;:&quot;fadeIn&quot;}\" data-widget_type=\"text-editor.default\">\n\t\t\t\t<div class=\"elementor-widget-container\">\n\t\t\t\t\t\t\t\t\t<p>WYNAJEM | REKRUTACJA | WYPR\u00d3BUJ I WYPO\u017bYCZ | OUTSOURCING<\/p>\t\t\t\t\t\t\t\t<\/div>\n\t\t\t\t<\/div>\n\t\t\t\t\t<\/div>\n\t\t<\/div>\n\t\t\t\t\t<\/div>\n\t\t<\/section>\n\t\t\t\t<section class=\"elementor-section elementor-top-section elementor-element elementor-element-fb4b5f9 elementor-section-content-middle elementor-section-boxed elementor-section-height-default elementor-section-height-default\" data-id=\"fb4b5f9\" data-element_type=\"section\" data-e-type=\"section\" data-settings=\"{&quot;background_background&quot;:&quot;classic&quot;}\">\n\t\t\t\t\t\t<div class=\"elementor-container elementor-column-gap-default\">\n\t\t\t\t\t<div class=\"elementor-column elementor-col-50 elementor-top-column elementor-element elementor-element-0c0e5c3\" data-id=\"0c0e5c3\" data-element_type=\"column\" data-e-type=\"column\">\n\t\t\t<div class=\"elementor-widget-wrap elementor-element-populated\">\n\t\t\t\t\t\t<div class=\"elementor-element elementor-element-b79ef94 elementor-widget elementor-widget-heading\" data-id=\"b79ef94\" data-element_type=\"widget\" data-e-type=\"widget\" data-widget_type=\"heading.default\">\n\t\t\t\t<div class=\"elementor-widget-container\">\n\t\t\t\t\t<h2 class=\"elementor-heading-title elementor-size-default\">Elastyczno\u015b\u0107 to nasz g\u0142\u00f3wny obszar - co nale\u017cy do Ciebie?<\/h2>\t\t\t\t<\/div>\n\t\t\t\t<\/div>\n\t\t\t\t<div class=\"elementor-element elementor-element-5ac7ab2 elementor-widget elementor-widget-text-editor\" data-id=\"5ac7ab2\" data-element_type=\"widget\" data-e-type=\"widget\" data-widget_type=\"text-editor.default\">\n\t\t\t\t<div class=\"elementor-widget-container\">\n\t\t\t\t\t\t\t\t\t<p>Od 1990 roku MEGA FLEX dostarcza dok\u0142adnie to, czego wymagaj\u0105 nasi klienci. Od ponad 30 lat naszym celem jest szybkie reagowanie na pojawiaj\u0105ce si\u0119 potrzeby. \u015arodki te stanowi\u0142y po\u0142\u0105czenie elastyczno\u015bci, kompetencji i si\u0142y zawodowej.<\/p><p>W wi\u0119kszo\u015bci przypadk\u00f3w zapotrzebowanie na wykwalifikowan\u0105 si\u0142\u0119 robocz\u0105 zmienia si\u0119. Zawsze jeste\u015bmy w stanie szybko zareagowa\u0107, gdy potrzebuj\u0105 Pa\u0144stwo pracownika tymczasowego lub innej si\u0142y roboczej. Wykonujemy prac\u0119 na umow\u0119 zlecenie, godzinow\u0105 lub ofertow\u0105, znajdujemy rozwi\u0105zanie.<\/p><p>MEGA FLEX oferuje profesjonalnych i zaanga\u017cowanych pracownik\u00f3w do r\u00f3\u017cnych zada\u0144.<\/p><p>Mo\u017cesz dostosowa\u0107 \u2013 zwi\u0119kszy\u0107 lub zmniejszy\u0107 \u2013 swoje potrzeby i personel. Dzi\u0119ki rekrutacji przez MEGA FLEX Pa\u0144stwa firma staje si\u0119 elastyczna, nie b\u0119d\u0105c przywi\u0105zan\u0105 do sta\u0142ych wynagrodze\u0144 i wyposa\u017cenia. Niech MEGA FLEX przejmie cz\u0119\u015b\u0107 pracy. W ten spos\u00f3b unikasz ci\u0105g\u0142ego zatrudniania i zwalniania personelu.<\/p><p>Mo\u017cesz korzysta\u0107 z naszych us\u0142ug w oparciu o stawki godzinowe, ceny jednostkowe, kontrakty o sta\u0142ej cenie, w tym udzia\u0142 w podprojektach. Niezale\u017cnie od tego, czy chodzi o rekrutacj\u0119 wykwalifikowanej si\u0142y roboczej, zarz\u0105dzanie projektami, czy te\u017c zapotrzebowanie na kilku pracownik\u00f3w lub ca\u0142y dzia\u0142 \u2013 krajowy lub mi\u0119dzynarodowy \u2013 jeste\u015bmy przygotowani.<\/p>\t\t\t\t\t\t\t\t<\/div>\n\t\t\t\t<\/div>\n\t\t\t\t\t<\/div>\n\t\t<\/div>\n\t\t\t\t<div class=\"elementor-column elementor-col-50 elementor-top-column elementor-element elementor-element-4cecbd9\" data-id=\"4cecbd9\" data-element_type=\"column\" data-e-type=\"column\">\n\t\t\t<div class=\"elementor-widget-wrap elementor-element-populated\">\n\t\t\t\t\t\t<div class=\"elementor-element elementor-element-19f7d9c elementor-widget elementor-widget-image\" data-id=\"19f7d9c\" data-element_type=\"widget\" data-e-type=\"widget\" data-widget_type=\"image.default\">\n\t\t\t\t<div class=\"elementor-widget-container\">\n\t\t\t\t\t\t\t\t\t\t\t\t\t\t\t<img fetchpriority=\"high\" decoding=\"async\" width=\"700\" height=\"700\" src=\"https:\/\/megaflex.dk\/wp-content\/uploads\/2022\/09\/MEGA-FLEX-professionelle-og-engagerede-medarbejdere.jpg\" class=\"attachment-large size-large wp-image-13275\" alt=\"\" srcset=\"https:\/\/megaflex.dk\/wp-content\/uploads\/2022\/09\/MEGA-FLEX-professionelle-og-engagerede-medarbejdere.jpg 700w, https:\/\/megaflex.dk\/wp-content\/uploads\/2022\/09\/MEGA-FLEX-professionelle-og-engagerede-medarbejdere-300x300.jpg 300w, https:\/\/megaflex.dk\/wp-content\/uploads\/2022\/09\/MEGA-FLEX-professionelle-og-engagerede-medarbejdere-80x80.jpg 80w\" sizes=\"(max-width: 700px) 100vw, 700px\" \/>\t\t\t\t\t\t\t\t\t\t\t\t\t\t\t<\/div>\n\t\t\t\t<\/div>\n\t\t\t\t\t<\/div>\n\t\t<\/div>\n\t\t\t\t\t<\/div>\n\t\t<\/section>\n\t\t\t\t<section class=\"elementor-section elementor-top-section elementor-element elementor-element-d0bb638 elementor-section-boxed elementor-section-height-default elementor-section-height-default\" data-id=\"d0bb638\" data-element_type=\"section\" data-e-type=\"section\" data-settings=\"{&quot;background_background&quot;:&quot;classic&quot;}\">\n\t\t\t\t\t\t\t<div class=\"elementor-background-overlay\"><\/div>\n\t\t\t\t\t\t\t<div class=\"elementor-container elementor-column-gap-default\">\n\t\t\t\t\t<div class=\"elementor-column elementor-col-100 elementor-top-column elementor-element elementor-element-e5a1e91\" data-id=\"e5a1e91\" data-element_type=\"column\" data-e-type=\"column\">\n\t\t\t<div class=\"elementor-widget-wrap elementor-element-populated\">\n\t\t\t\t\t\t<div class=\"elementor-element elementor-element-3286805 elementor-widget elementor-widget-heading\" data-id=\"3286805\" data-element_type=\"widget\" data-e-type=\"widget\" data-widget_type=\"heading.default\">\n\t\t\t\t<div class=\"elementor-widget-container\">\n\t\t\t\t\t<h1 class=\"elementor-heading-title elementor-size-default\">Czy masz pytania?<\/h1>\t\t\t\t<\/div>\n\t\t\t\t<\/div>\n\t\t\t\t<div class=\"elementor-element elementor-element-3cbd40e elementor-widget elementor-widget-text-editor\" data-id=\"3cbd40e\" data-element_type=\"widget\" data-e-type=\"widget\" data-widget_type=\"text-editor.default\">\n\t\t\t\t<div class=\"elementor-widget-container\">\n\t\t\t\t\t\t\t\t\t<p>Zadzwo\u0144 do nas pod numer +45 70 22 09 57<\/p>\t\t\t\t\t\t\t\t<\/div>\n\t\t\t\t<\/div>\n\t\t\t\t<section class=\"elementor-section elementor-inner-section elementor-element elementor-element-247c9fa elementor-section-boxed elementor-section-height-default elementor-section-height-default\" data-id=\"247c9fa\" data-element_type=\"section\" data-e-type=\"section\">\n\t\t\t\t\t\t<div class=\"elementor-container elementor-column-gap-default\">\n\t\t\t\t\t<div class=\"elementor-column elementor-col-100 elementor-inner-column elementor-element elementor-element-4af152c\" data-id=\"4af152c\" data-element_type=\"column\" data-e-type=\"column\">\n\t\t\t<div class=\"elementor-widget-wrap elementor-element-populated\">\n\t\t\t\t\t\t<div class=\"elementor-element elementor-element-9e3bca7 elementor-widget-elementskit-dual-button-center elementor-widget elementor-widget-elementskit-dual-button\" data-id=\"9e3bca7\" data-element_type=\"widget\" data-e-type=\"widget\" data-widget_type=\"elementskit-dual-button.default\">\n\t\t\t\t<div class=\"elementor-widget-container\">\n\t\t\t\t\t<div class=\"ekit-wid-con\" >\n                <div class=\"ekit-element-align-wrapper\">\n                    <div class=\"ekit_double_button\">                <a class=\"ekit-double-btn ekit-double-btn-one\" href=\"tel:+4570220957\">\n                    Zadzwo\u0144 do nas                <\/a>\n            \n            <a class=\"ekit-double-btn ekit-double-btn-two\" href=\"https:\/\/megaflex.dk\/download\/\">\n                    Pobierz broszure                <\/a>\n                  <\/div>\n                <\/div>\n            <\/div>\t\t\t\t<\/div>\n\t\t\t\t<\/div>\n\t\t\t\t\t<\/div>\n\t\t<\/div>\n\t\t\t\t\t<\/div>\n\t\t<\/section>\n\t\t\t\t\t<\/div>\n\t\t<\/div>\n\t\t\t\t\t<\/div>\n\t\t<\/section>\n\t\t\t\t<\/div>\n\t\t","protected":false},"excerpt":{"rendered":"<p>znajd\u017a swoj\u0105 za\u0142og\u0119 WYNAJEM | REKRUTACJA | WYPR\u00d3BUJ I WYPO\u017bYCZ | OUTSOURCING Elastyczno\u015b\u0107 to nasz g\u0142\u00f3wny obszar &#8211; co nale\u017cy do Ciebie? Od 1990 roku MEGA FLEX dostarcza dok\u0142adnie to, czego wymagaj\u0105 nasi klienci. Od ponad 30 lat naszym celem jest szybkie reagowanie na pojawiaj\u0105ce si\u0119 potrzeby. \u015arodki te stanowi\u0142y po\u0142\u0105czenie elastyczno\u015bci, kompetencji i si\u0142y [&hellip;]<\/p>\n","protected":false},"author":18,"featured_media":0,"parent":0,"menu_order":0,"comment_status":"closed","ping_status":"closed","template":"elementor_header_footer","meta":{"footnotes":""},"class_list":["post-14750","page","type-page","status-publish","hentry"],"yoast_head":"<!-- This site is optimized with the Yoast SEO plugin v27.1.1 - https:\/\/yoast.com\/product\/yoast-seo-wordpress\/ -->\n<title>Znajd\u017a swoj\u0105 za\u0142og\u0119 - MEGA FLEX A\/S<\/title>\n<meta name=\"robots\" content=\"index, follow, max-snippet:-1, max-image-preview:large, max-video-preview:-1\" \/>\n<link rel=\"canonical\" href=\"https:\/\/megaflex.dk\/pl\/znajdz-swoja-zaloge\/\" \/>\n<meta property=\"og:locale\" content=\"pl_PL\" \/>\n<meta property=\"og:type\" content=\"article\" \/>\n<meta property=\"og:title\" content=\"Znajd\u017a swoj\u0105 za\u0142og\u0119 - MEGA FLEX A\/S\" \/>\n<meta property=\"og:description\" content=\"znajd\u017a swoj\u0105 za\u0142og\u0119 WYNAJEM | REKRUTACJA | WYPR\u00d3BUJ I WYPO\u017bYCZ | OUTSOURCING Elastyczno\u015b\u0107 to nasz g\u0142\u00f3wny obszar &#8211; co nale\u017cy do Ciebie? Od 1990 roku MEGA FLEX dostarcza dok\u0142adnie to, czego wymagaj\u0105 nasi klienci. Od ponad 30 lat naszym celem jest szybkie reagowanie na pojawiaj\u0105ce si\u0119 potrzeby. \u015arodki te stanowi\u0142y po\u0142\u0105czenie elastyczno\u015bci, kompetencji i si\u0142y [&hellip;]\" \/>\n<meta property=\"og:url\" content=\"https:\/\/megaflex.dk\/pl\/znajdz-swoja-zaloge\/\" \/>\n<meta property=\"og:site_name\" content=\"MEGA FLEX A\/S\" \/>\n<meta property=\"article:publisher\" content=\"https:\/\/www.facebook.com\/megaflex.dk\" \/>\n<meta property=\"article:modified_time\" content=\"2025-04-09T16:25:54+00:00\" \/>\n<meta property=\"og:image\" content=\"https:\/\/megaflex.dk\/wp-content\/uploads\/2022\/09\/MEGA-FLEX-professionelle-og-engagerede-medarbejdere.jpg\" \/>\n\t<meta property=\"og:image:width\" content=\"700\" \/>\n\t<meta property=\"og:image:height\" content=\"700\" \/>\n\t<meta property=\"og:image:type\" content=\"image\/jpeg\" \/>\n<meta name=\"twitter:label1\" content=\"Szacowany czas czytania\" \/>\n\t<meta name=\"twitter:data1\" content=\"2 minuty\" \/>\n<script type=\"application\/ld+json\" class=\"yoast-schema-graph\">{\"@context\":\"https:\/\/schema.org\",\"@graph\":[{\"@type\":\"WebPage\",\"@id\":\"https:\/\/megaflex.dk\/pl\/znajdz-swoja-zaloge\/\",\"url\":\"https:\/\/megaflex.dk\/pl\/znajdz-swoja-zaloge\/\",\"name\":\"Znajd\u017a swoj\u0105 za\u0142og\u0119 - MEGA FLEX A\/S\",\"isPartOf\":{\"@id\":\"https:\/\/megaflex.dk\/pl\/#website\"},\"primaryImageOfPage\":{\"@id\":\"https:\/\/megaflex.dk\/pl\/znajdz-swoja-zaloge\/#primaryimage\"},\"image\":{\"@id\":\"https:\/\/megaflex.dk\/pl\/znajdz-swoja-zaloge\/#primaryimage\"},\"thumbnailUrl\":\"https:\/\/megaflex.dk\/wp-content\/uploads\/2022\/09\/MEGA-FLEX-professionelle-og-engagerede-medarbejdere.jpg\",\"datePublished\":\"2025-03-31T13:03:37+00:00\",\"dateModified\":\"2025-04-09T16:25:54+00:00\",\"breadcrumb\":{\"@id\":\"https:\/\/megaflex.dk\/pl\/znajdz-swoja-zaloge\/#breadcrumb\"},\"inLanguage\":\"pl-PL\",\"potentialAction\":[{\"@type\":\"ReadAction\",\"target\":[\"https:\/\/megaflex.dk\/pl\/znajdz-swoja-zaloge\/\"]}]},{\"@type\":\"ImageObject\",\"inLanguage\":\"pl-PL\",\"@id\":\"https:\/\/megaflex.dk\/pl\/znajdz-swoja-zaloge\/#primaryimage\",\"url\":\"https:\/\/megaflex.dk\/wp-content\/uploads\/2022\/09\/MEGA-FLEX-professionelle-og-engagerede-medarbejdere.jpg\",\"contentUrl\":\"https:\/\/megaflex.dk\/wp-content\/uploads\/2022\/09\/MEGA-FLEX-professionelle-og-engagerede-medarbejdere.jpg\"},{\"@type\":\"BreadcrumbList\",\"@id\":\"https:\/\/megaflex.dk\/pl\/znajdz-swoja-zaloge\/#breadcrumb\",\"itemListElement\":[{\"@type\":\"ListItem\",\"position\":1,\"name\":\"Hjem\",\"item\":\"https:\/\/megaflex.dk\/pl\/\"},{\"@type\":\"ListItem\",\"position\":2,\"name\":\"Znajd\u017a swoj\u0105 za\u0142og\u0119\"}]},{\"@type\":\"WebSite\",\"@id\":\"https:\/\/megaflex.dk\/pl\/#website\",\"url\":\"https:\/\/megaflex.dk\/pl\/\",\"name\":\"MEGA FLEX A\/S\",\"description\":\"\",\"publisher\":{\"@id\":\"https:\/\/megaflex.dk\/pl\/#organization\"},\"potentialAction\":[{\"@type\":\"SearchAction\",\"target\":{\"@type\":\"EntryPoint\",\"urlTemplate\":\"https:\/\/megaflex.dk\/pl\/?s={search_term_string}\"},\"query-input\":{\"@type\":\"PropertyValueSpecification\",\"valueRequired\":true,\"valueName\":\"search_term_string\"}}],\"inLanguage\":\"pl-PL\"},{\"@type\":\"Organization\",\"@id\":\"https:\/\/megaflex.dk\/pl\/#organization\",\"name\":\"MEGA FLEX A\/S\",\"url\":\"https:\/\/megaflex.dk\/pl\/\",\"logo\":{\"@type\":\"ImageObject\",\"inLanguage\":\"pl-PL\",\"@id\":\"https:\/\/megaflex.dk\/pl\/#\/schema\/logo\/image\/\",\"url\":\"https:\/\/megaflex.dk\/wp-content\/uploads\/2021\/06\/cropped-Mega_Flex_LOGO_BLAA_ikon-01.png\",\"contentUrl\":\"https:\/\/megaflex.dk\/wp-content\/uploads\/2021\/06\/cropped-Mega_Flex_LOGO_BLAA_ikon-01.png\",\"width\":512,\"height\":512,\"caption\":\"MEGA FLEX A\/S\"},\"image\":{\"@id\":\"https:\/\/megaflex.dk\/pl\/#\/schema\/logo\/image\/\"},\"sameAs\":[\"https:\/\/www.facebook.com\/megaflex.dk\",\"https:\/\/www.linkedin.com\/company\/mega-flex-a-s?trk=nav_account_sub_nav_company_admin\"]}]}<\/script>\n<!-- \/ Yoast SEO plugin. -->","yoast_head_json":{"title":"Znajd\u017a swoj\u0105 za\u0142og\u0119 - MEGA FLEX A\/S","robots":{"index":"index","follow":"follow","max-snippet":"max-snippet:-1","max-image-preview":"max-image-preview:large","max-video-preview":"max-video-preview:-1"},"canonical":"https:\/\/megaflex.dk\/pl\/znajdz-swoja-zaloge\/","og_locale":"pl_PL","og_type":"article","og_title":"Znajd\u017a swoj\u0105 za\u0142og\u0119 - MEGA FLEX A\/S","og_description":"znajd\u017a swoj\u0105 za\u0142og\u0119 WYNAJEM | REKRUTACJA | WYPR\u00d3BUJ I WYPO\u017bYCZ | OUTSOURCING Elastyczno\u015b\u0107 to nasz g\u0142\u00f3wny obszar &#8211; co nale\u017cy do Ciebie? Od 1990 roku MEGA FLEX dostarcza dok\u0142adnie to, czego wymagaj\u0105 nasi klienci. Od ponad 30 lat naszym celem jest szybkie reagowanie na pojawiaj\u0105ce si\u0119 potrzeby. \u015arodki te stanowi\u0142y po\u0142\u0105czenie elastyczno\u015bci, kompetencji i si\u0142y [&hellip;]","og_url":"https:\/\/megaflex.dk\/pl\/znajdz-swoja-zaloge\/","og_site_name":"MEGA FLEX A\/S","article_publisher":"https:\/\/www.facebook.com\/megaflex.dk","article_modified_time":"2025-04-09T16:25:54+00:00","og_image":[{"width":700,"height":700,"url":"https:\/\/megaflex.dk\/wp-content\/uploads\/2022\/09\/MEGA-FLEX-professionelle-og-engagerede-medarbejdere.jpg","type":"image\/jpeg"}],"twitter_misc":{"Szacowany czas czytania":"2 minuty"},"schema":{"@context":"https:\/\/schema.org","@graph":[{"@type":"WebPage","@id":"https:\/\/megaflex.dk\/pl\/znajdz-swoja-zaloge\/","url":"https:\/\/megaflex.dk\/pl\/znajdz-swoja-zaloge\/","name":"Znajd\u017a swoj\u0105 za\u0142og\u0119 - MEGA FLEX A\/S","isPartOf":{"@id":"https:\/\/megaflex.dk\/pl\/#website"},"primaryImageOfPage":{"@id":"https:\/\/megaflex.dk\/pl\/znajdz-swoja-zaloge\/#primaryimage"},"image":{"@id":"https:\/\/megaflex.dk\/pl\/znajdz-swoja-zaloge\/#primaryimage"},"thumbnailUrl":"https:\/\/megaflex.dk\/wp-content\/uploads\/2022\/09\/MEGA-FLEX-professionelle-og-engagerede-medarbejdere.jpg","datePublished":"2025-03-31T13:03:37+00:00","dateModified":"2025-04-09T16:25:54+00:00","breadcrumb":{"@id":"https:\/\/megaflex.dk\/pl\/znajdz-swoja-zaloge\/#breadcrumb"},"inLanguage":"pl-PL","potentialAction":[{"@type":"ReadAction","target":["https:\/\/megaflex.dk\/pl\/znajdz-swoja-zaloge\/"]}]},{"@type":"ImageObject","inLanguage":"pl-PL","@id":"https:\/\/megaflex.dk\/pl\/znajdz-swoja-zaloge\/#primaryimage","url":"https:\/\/megaflex.dk\/wp-content\/uploads\/2022\/09\/MEGA-FLEX-professionelle-og-engagerede-medarbejdere.jpg","contentUrl":"https:\/\/megaflex.dk\/wp-content\/uploads\/2022\/09\/MEGA-FLEX-professionelle-og-engagerede-medarbejdere.jpg"},{"@type":"BreadcrumbList","@id":"https:\/\/megaflex.dk\/pl\/znajdz-swoja-zaloge\/#breadcrumb","itemListElement":[{"@type":"ListItem","position":1,"name":"Hjem","item":"https:\/\/megaflex.dk\/pl\/"},{"@type":"ListItem","position":2,"name":"Znajd\u017a swoj\u0105 za\u0142og\u0119"}]},{"@type":"WebSite","@id":"https:\/\/megaflex.dk\/pl\/#website","url":"https:\/\/megaflex.dk\/pl\/","name":"MEGA FLEX A\/S","description":"","publisher":{"@id":"https:\/\/megaflex.dk\/pl\/#organization"},"potentialAction":[{"@type":"SearchAction","target":{"@type":"EntryPoint","urlTemplate":"https:\/\/megaflex.dk\/pl\/?s={search_term_string}"},"query-input":{"@type":"PropertyValueSpecification","valueRequired":true,"valueName":"search_term_string"}}],"inLanguage":"pl-PL"},{"@type":"Organization","@id":"https:\/\/megaflex.dk\/pl\/#organization","name":"MEGA FLEX A\/S","url":"https:\/\/megaflex.dk\/pl\/","logo":{"@type":"ImageObject","inLanguage":"pl-PL","@id":"https:\/\/megaflex.dk\/pl\/#\/schema\/logo\/image\/","url":"https:\/\/megaflex.dk\/wp-content\/uploads\/2021\/06\/cropped-Mega_Flex_LOGO_BLAA_ikon-01.png","contentUrl":"https:\/\/megaflex.dk\/wp-content\/uploads\/2021\/06\/cropped-Mega_Flex_LOGO_BLAA_ikon-01.png","width":512,"height":512,"caption":"MEGA FLEX A\/S"},"image":{"@id":"https:\/\/megaflex.dk\/pl\/#\/schema\/logo\/image\/"},"sameAs":["https:\/\/www.facebook.com\/megaflex.dk","https:\/\/www.linkedin.com\/company\/mega-flex-a-s?trk=nav_account_sub_nav_company_admin"]}]}},"_links":{"self":[{"href":"https:\/\/megaflex.dk\/pl\/wp-json\/wp\/v2\/pages\/14750","targetHints":{"allow":["GET"]}}],"collection":[{"href":"https:\/\/megaflex.dk\/pl\/wp-json\/wp\/v2\/pages"}],"about":[{"href":"https:\/\/megaflex.dk\/pl\/wp-json\/wp\/v2\/types\/page"}],"author":[{"embeddable":true,"href":"https:\/\/megaflex.dk\/pl\/wp-json\/wp\/v2\/users\/18"}],"replies":[{"embeddable":true,"href":"https:\/\/megaflex.dk\/pl\/wp-json\/wp\/v2\/comments?post=14750"}],"version-history":[{"count":0,"href":"https:\/\/megaflex.dk\/pl\/wp-json\/wp\/v2\/pages\/14750\/revisions"}],"wp:attachment":[{"href":"https:\/\/megaflex.dk\/pl\/wp-json\/wp\/v2\/media?parent=14750"}],"curies":[{"name":"wp","href":"https:\/\/api.w.org\/{rel}","templated":true}]}}