{"id":14758,"date":"2025-03-31T15:07:47","date_gmt":"2025-03-31T13:07:47","guid":{"rendered":"https:\/\/megaflex.dk\/?page_id=14758"},"modified":"2025-04-09T18:29:58","modified_gmt":"2025-04-09T16:29:58","slug":"gaseste-ti-echipajul","status":"publish","type":"page","link":"https:\/\/megaflex.dk\/ro\/gaseste-ti-echipajul\/","title":{"rendered":"G\u0103se\u0219te-\u021bi echipajul"},"content":{"rendered":"\t\t<div data-elementor-type=\"wp-page\" data-elementor-id=\"14758\" class=\"elementor elementor-14758 elementor-14662\" data-elementor-post-type=\"page\">\n\t\t\t\t\t\t<section class=\"elementor-section elementor-top-section elementor-element elementor-element-570c5ed elementor-section-full_width elementor-section-height-default elementor-section-height-default\" data-id=\"570c5ed\" data-element_type=\"section\" data-e-type=\"section\" data-settings=\"{&quot;background_background&quot;:&quot;classic&quot;}\">\n\t\t\t\t\t\t\t<div class=\"elementor-background-overlay\"><\/div>\n\t\t\t\t\t\t\t<div class=\"elementor-container elementor-column-gap-default\">\n\t\t\t\t\t<div class=\"elementor-column elementor-col-50 elementor-top-column elementor-element elementor-element-a0feac1\" data-id=\"a0feac1\" data-element_type=\"column\" data-e-type=\"column\" data-settings=\"{&quot;background_background&quot;:&quot;classic&quot;}\">\n\t\t\t<div class=\"elementor-widget-wrap elementor-element-populated\">\n\t\t\t\t\t<div class=\"elementor-background-overlay\"><\/div>\n\t\t\t\t\t\t<section class=\"elementor-section elementor-inner-section elementor-element elementor-element-ab6e00b elementor-section-full_width elementor-section-height-min-height elementor-section-height-default\" data-id=\"ab6e00b\" data-element_type=\"section\" data-e-type=\"section\">\n\t\t\t\t\t\t<div class=\"elementor-container elementor-column-gap-default\">\n\t\t\t\t\t<div class=\"elementor-column elementor-col-50 elementor-inner-column elementor-element elementor-element-848fbf1\" data-id=\"848fbf1\" data-element_type=\"column\" data-e-type=\"column\">\n\t\t\t<div class=\"elementor-widget-wrap\">\n\t\t\t\t\t\t\t<\/div>\n\t\t<\/div>\n\t\t\t\t<div class=\"elementor-column elementor-col-50 elementor-inner-column elementor-element elementor-element-c22e1dd\" data-id=\"c22e1dd\" data-element_type=\"column\" data-e-type=\"column\">\n\t\t\t<div class=\"elementor-widget-wrap\">\n\t\t\t\t\t\t\t<\/div>\n\t\t<\/div>\n\t\t\t\t\t<\/div>\n\t\t<\/section>\n\t\t\t\t\t<\/div>\n\t\t<\/div>\n\t\t\t\t<div class=\"elementor-column elementor-col-50 elementor-top-column elementor-element elementor-element-0be2c89\" data-id=\"0be2c89\" data-element_type=\"column\" data-e-type=\"column\">\n\t\t\t<div class=\"elementor-widget-wrap elementor-element-populated\">\n\t\t\t\t\t\t<div class=\"elementor-element elementor-element-6c8abd4 elementor-widget elementor-widget-heading\" data-id=\"6c8abd4\" data-element_type=\"widget\" data-e-type=\"widget\" data-widget_type=\"heading.default\">\n\t\t\t\t<div class=\"elementor-widget-container\">\n\t\t\t\t\t<h1 class=\"elementor-heading-title elementor-size-default\">G\u0103se\u0219te-\u021bi echipajul<\/h1>\t\t\t\t<\/div>\n\t\t\t\t<\/div>\n\t\t\t\t<div class=\"elementor-element elementor-element-850acbc elementor-invisible elementor-widget elementor-widget-text-editor\" data-id=\"850acbc\" data-element_type=\"widget\" data-e-type=\"widget\" data-settings=\"{&quot;_animation&quot;:&quot;fadeIn&quot;}\" data-widget_type=\"text-editor.default\">\n\t\t\t\t<div class=\"elementor-widget-container\">\n\t\t\t\t\t\t\t\t\t<p>\u00ceNCHIRIAT | RECRUTARE | \u00ceNCERCA\u021aI \u0219i \u00ceNCHIRIA\u021aI | EXTERNALIZAREA<\/p>\t\t\t\t\t\t\t\t<\/div>\n\t\t\t\t<\/div>\n\t\t\t\t\t<\/div>\n\t\t<\/div>\n\t\t\t\t\t<\/div>\n\t\t<\/section>\n\t\t\t\t<section class=\"elementor-section elementor-top-section elementor-element elementor-element-fb4b5f9 elementor-section-content-middle elementor-section-boxed elementor-section-height-default elementor-section-height-default\" data-id=\"fb4b5f9\" data-element_type=\"section\" data-e-type=\"section\" data-settings=\"{&quot;background_background&quot;:&quot;classic&quot;}\">\n\t\t\t\t\t\t<div class=\"elementor-container elementor-column-gap-default\">\n\t\t\t\t\t<div class=\"elementor-column elementor-col-50 elementor-top-column elementor-element elementor-element-0c0e5c3\" data-id=\"0c0e5c3\" data-element_type=\"column\" data-e-type=\"column\">\n\t\t\t<div class=\"elementor-widget-wrap elementor-element-populated\">\n\t\t\t\t\t\t<div class=\"elementor-element elementor-element-b79ef94 elementor-widget elementor-widget-heading\" data-id=\"b79ef94\" data-element_type=\"widget\" data-e-type=\"widget\" data-widget_type=\"heading.default\">\n\t\t\t\t<div class=\"elementor-widget-container\">\n\t\t\t\t\t<h2 class=\"elementor-heading-title elementor-size-default\">Flexibilitatea este domeniul nostru de baz\u0103 - care este al t\u0103u?\n<\/h2>\t\t\t\t<\/div>\n\t\t\t\t<\/div>\n\t\t\t\t<div class=\"elementor-element elementor-element-5ac7ab2 elementor-widget elementor-widget-text-editor\" data-id=\"5ac7ab2\" data-element_type=\"widget\" data-e-type=\"widget\" data-widget_type=\"text-editor.default\">\n\t\t\t\t<div class=\"elementor-widget-container\">\n\t\t\t\t\t\t\t\t\t<p>Din 1990, MEGA FLEX ofer\u0103 cele mai bune solu\u021bii clien\u021bilor lor. De peste 30 de ani, obiectivul nostru a fost s\u0103 r\u0103spundem cererilor clien\u021bilor \u00een cel mai scurt timp. Modul nostru de a r\u0103spunde este de a oferi o solu\u021bie care combin\u0103 flexibilitate, competen\u021b\u0103 \u0219i for\u021b\u0103 profesional\u0103.<\/p><p>Pentru majoritatea juc\u0103torilor de pe pia\u021b\u0103, cerin\u021ba de for\u021b\u0103 de munc\u0103 calificat\u0103 variaz\u0103. Noi putem interveni oric\u00e2nd \u00een scurt timp atunci c\u00e2nd ave\u021bi nevoie de un lucr\u0103tor temporar sau de alt fel de for\u021b\u0103 de munc\u0103. Noi rezolv\u0103m orice fel de proiect prin contract, prin plata cu ora sau printr-o ofert\u0103, tot timpul g\u0103sim o solu\u021bie.<\/p><p>MEGA FLEX ofer\u0103 angaja\u021bi profesioni\u0219ti \u0219i dedica\u021bi pentru multe tipuri de lucr\u0103ri.<\/p><p>Dumneavoastr\u0103 decide\u021bi ajustarea \u2013 m\u0103rirea sau mic\u0219orarea \u2013 cererii \u0219i a personalului. Recrut\u00e2nd prin MEGA FLEX, afacerea dumneavoastr\u0103 devine flexibil\u0103, f\u0103r\u0103 a depinde de salarii \u0219i echipamente fixe. Accept\u00e2nd ca MEGA FLEX s\u0103 preia o parte din volumul de munc\u0103, evita\u021bi astfel angaj\u0103rile \u0219i concedierile neprev\u0103zute.<\/p><p>V\u0103 putem acorda ajutorul nostru cu plata pe or\u0103, pre\u021buri unitare, contracte cu pre\u021b prestabilit sau cooperare ca \u0219i subcontractor. Fie c\u0103 este vorba de recrutare de for\u021b\u0103 de munc\u0103 calificat\u0103, de gestionarea proiectelor sau este nevoie de c\u00e2\u021biva angaja\u021bi sau de departamente \u00eentregi \u2013 pe plan na\u021bional sau interna\u021bional \u2013 noi suntem preg\u0103ti\u021bi s\u0103 v\u0103 oferim suportul nostru.<\/p>\t\t\t\t\t\t\t\t<\/div>\n\t\t\t\t<\/div>\n\t\t\t\t\t<\/div>\n\t\t<\/div>\n\t\t\t\t<div class=\"elementor-column elementor-col-50 elementor-top-column elementor-element elementor-element-4cecbd9\" data-id=\"4cecbd9\" data-element_type=\"column\" data-e-type=\"column\">\n\t\t\t<div class=\"elementor-widget-wrap elementor-element-populated\">\n\t\t\t\t\t\t<div class=\"elementor-element elementor-element-f2baa68 elementor-widget elementor-widget-image\" data-id=\"f2baa68\" data-element_type=\"widget\" data-e-type=\"widget\" data-widget_type=\"image.default\">\n\t\t\t\t<div class=\"elementor-widget-container\">\n\t\t\t\t\t\t\t\t\t\t\t\t\t\t\t<img fetchpriority=\"high\" decoding=\"async\" width=\"700\" height=\"700\" src=\"https:\/\/megaflex.dk\/wp-content\/uploads\/2022\/09\/MEGA-FLEX-professionelle-og-engagerede-medarbejdere.jpg\" class=\"attachment-large size-large wp-image-13276\" alt=\"\" srcset=\"https:\/\/megaflex.dk\/wp-content\/uploads\/2022\/09\/MEGA-FLEX-professionelle-og-engagerede-medarbejdere.jpg 700w, https:\/\/megaflex.dk\/wp-content\/uploads\/2022\/09\/MEGA-FLEX-professionelle-og-engagerede-medarbejdere-300x300.jpg 300w, https:\/\/megaflex.dk\/wp-content\/uploads\/2022\/09\/MEGA-FLEX-professionelle-og-engagerede-medarbejdere-80x80.jpg 80w\" sizes=\"(max-width: 700px) 100vw, 700px\" \/>\t\t\t\t\t\t\t\t\t\t\t\t\t\t\t<\/div>\n\t\t\t\t<\/div>\n\t\t\t\t<section class=\"elementor-section elementor-inner-section elementor-element elementor-element-2592ee7 elementor-section-boxed elementor-section-height-default elementor-section-height-default\" data-id=\"2592ee7\" data-element_type=\"section\" data-e-type=\"section\">\n\t\t\t\t\t\t<div class=\"elementor-container elementor-column-gap-default\">\n\t\t\t\t\t<div class=\"elementor-column elementor-col-100 elementor-inner-column elementor-element elementor-element-f3ddec8\" data-id=\"f3ddec8\" data-element_type=\"column\" data-e-type=\"column\">\n\t\t\t<div class=\"elementor-widget-wrap\">\n\t\t\t\t\t\t\t<\/div>\n\t\t<\/div>\n\t\t\t\t\t<\/div>\n\t\t<\/section>\n\t\t\t\t\t<\/div>\n\t\t<\/div>\n\t\t\t\t\t<\/div>\n\t\t<\/section>\n\t\t\t\t<section class=\"elementor-section elementor-top-section elementor-element elementor-element-d0bb638 elementor-section-boxed elementor-section-height-default elementor-section-height-default\" data-id=\"d0bb638\" data-element_type=\"section\" data-e-type=\"section\" data-settings=\"{&quot;background_background&quot;:&quot;classic&quot;}\">\n\t\t\t\t\t\t\t<div class=\"elementor-background-overlay\"><\/div>\n\t\t\t\t\t\t\t<div class=\"elementor-container elementor-column-gap-default\">\n\t\t\t\t\t<div class=\"elementor-column elementor-col-100 elementor-top-column elementor-element elementor-element-e5a1e91\" data-id=\"e5a1e91\" data-element_type=\"column\" data-e-type=\"column\">\n\t\t\t<div class=\"elementor-widget-wrap elementor-element-populated\">\n\t\t\t\t\t\t<div class=\"elementor-element elementor-element-3286805 elementor-widget elementor-widget-heading\" data-id=\"3286805\" data-element_type=\"widget\" data-e-type=\"widget\" data-widget_type=\"heading.default\">\n\t\t\t\t<div class=\"elementor-widget-container\">\n\t\t\t\t\t<h1 class=\"elementor-heading-title elementor-size-default\">Aveti intrebari?<\/h1>\t\t\t\t<\/div>\n\t\t\t\t<\/div>\n\t\t\t\t<div class=\"elementor-element elementor-element-3cbd40e elementor-widget elementor-widget-text-editor\" data-id=\"3cbd40e\" data-element_type=\"widget\" data-e-type=\"widget\" data-widget_type=\"text-editor.default\">\n\t\t\t\t<div class=\"elementor-widget-container\">\n\t\t\t\t\t\t\t\t\t<p>Suna\u021bi-ne la +45 70 22 09 57<\/p>\t\t\t\t\t\t\t\t<\/div>\n\t\t\t\t<\/div>\n\t\t\t\t<section class=\"elementor-section elementor-inner-section elementor-element elementor-element-247c9fa elementor-section-boxed elementor-section-height-default elementor-section-height-default\" data-id=\"247c9fa\" data-element_type=\"section\" data-e-type=\"section\">\n\t\t\t\t\t\t<div class=\"elementor-container elementor-column-gap-default\">\n\t\t\t\t\t<div class=\"elementor-column elementor-col-100 elementor-inner-column elementor-element elementor-element-4af152c\" data-id=\"4af152c\" data-element_type=\"column\" data-e-type=\"column\">\n\t\t\t<div class=\"elementor-widget-wrap elementor-element-populated\">\n\t\t\t\t\t\t<div class=\"elementor-element elementor-element-9e3bca7 elementor-widget-elementskit-dual-button-center elementor-widget elementor-widget-elementskit-dual-button\" data-id=\"9e3bca7\" data-element_type=\"widget\" data-e-type=\"widget\" data-widget_type=\"elementskit-dual-button.default\">\n\t\t\t\t<div class=\"elementor-widget-container\">\n\t\t\t\t\t<div class=\"ekit-wid-con\" >\n                <div class=\"ekit-element-align-wrapper\">\n                    <div class=\"ekit_double_button\">                <a class=\"ekit-double-btn ekit-double-btn-one\" href=\"tel:+4570220957\">\n                    Sun\u0103-ne                <\/a>\n            \n            <a class=\"ekit-double-btn ekit-double-btn-two\" href=\"https:\/\/megaflex.dk\/download\/\">\n                    Desc\u0103rca\u021bi o bro\u0219ur\u0103                <\/a>\n                  <\/div>\n                <\/div>\n            <\/div>\t\t\t\t<\/div>\n\t\t\t\t<\/div>\n\t\t\t\t\t<\/div>\n\t\t<\/div>\n\t\t\t\t\t<\/div>\n\t\t<\/section>\n\t\t\t\t\t<\/div>\n\t\t<\/div>\n\t\t\t\t\t<\/div>\n\t\t<\/section>\n\t\t\t\t<\/div>\n\t\t","protected":false},"excerpt":{"rendered":"<p>G\u0103se\u0219te-\u021bi echipajul \u00ceNCHIRIAT | RECRUTARE | \u00ceNCERCA\u021aI \u0219i \u00ceNCHIRIA\u021aI | EXTERNALIZAREA Flexibilitatea este domeniul nostru de baz\u0103 &#8211; care este al t\u0103u? Din 1990, MEGA FLEX ofer\u0103 cele mai bune solu\u021bii clien\u021bilor lor. De peste 30 de ani, obiectivul nostru a fost s\u0103 r\u0103spundem cererilor clien\u021bilor \u00een cel mai scurt timp. Modul nostru de a [&hellip;]<\/p>\n","protected":false},"author":18,"featured_media":0,"parent":0,"menu_order":0,"comment_status":"closed","ping_status":"closed","template":"elementor_header_footer","meta":{"footnotes":""},"class_list":["post-14758","page","type-page","status-publish","hentry"],"yoast_head":"<!-- This site is optimized with the Yoast SEO plugin v27.4 - https:\/\/yoast.com\/product\/yoast-seo-wordpress\/ -->\n<title>G\u0103se\u0219te-\u021bi echipajul - MEGA FLEX A\/S<\/title>\n<meta name=\"robots\" content=\"index, follow, max-snippet:-1, max-image-preview:large, max-video-preview:-1\" \/>\n<link rel=\"canonical\" href=\"https:\/\/megaflex.dk\/ro\/gaseste-ti-echipajul\/\" \/>\n<meta property=\"og:locale\" content=\"ro_RO\" \/>\n<meta property=\"og:type\" content=\"article\" \/>\n<meta property=\"og:title\" content=\"G\u0103se\u0219te-\u021bi echipajul - MEGA FLEX A\/S\" \/>\n<meta property=\"og:description\" content=\"G\u0103se\u0219te-\u021bi echipajul \u00ceNCHIRIAT | RECRUTARE | \u00ceNCERCA\u021aI \u0219i \u00ceNCHIRIA\u021aI | EXTERNALIZAREA Flexibilitatea este domeniul nostru de baz\u0103 &#8211; care este al t\u0103u? Din 1990, MEGA FLEX ofer\u0103 cele mai bune solu\u021bii clien\u021bilor lor. De peste 30 de ani, obiectivul nostru a fost s\u0103 r\u0103spundem cererilor clien\u021bilor \u00een cel mai scurt timp. Modul nostru de a [&hellip;]\" \/>\n<meta property=\"og:url\" content=\"https:\/\/megaflex.dk\/ro\/gaseste-ti-echipajul\/\" \/>\n<meta property=\"og:site_name\" content=\"MEGA FLEX A\/S\" \/>\n<meta property=\"article:publisher\" content=\"https:\/\/www.facebook.com\/megaflex.dk\" \/>\n<meta property=\"article:modified_time\" content=\"2025-04-09T16:29:58+00:00\" \/>\n<meta property=\"og:image\" content=\"https:\/\/megaflex.dk\/wp-content\/uploads\/2022\/09\/MEGA-FLEX-professionelle-og-engagerede-medarbejdere.jpg\" \/>\n\t<meta property=\"og:image:width\" content=\"700\" \/>\n\t<meta property=\"og:image:height\" content=\"700\" \/>\n\t<meta property=\"og:image:type\" content=\"image\/jpeg\" \/>\n<meta name=\"twitter:label1\" content=\"Timp estimat pentru citire\" \/>\n\t<meta name=\"twitter:data1\" content=\"2 minute\" \/>\n<script type=\"application\/ld+json\" class=\"yoast-schema-graph\">{\"@context\":\"https:\\\/\\\/schema.org\",\"@graph\":[{\"@type\":\"WebPage\",\"@id\":\"https:\\\/\\\/megaflex.dk\\\/ro\\\/gaseste-ti-echipajul\\\/\",\"url\":\"https:\\\/\\\/megaflex.dk\\\/ro\\\/gaseste-ti-echipajul\\\/\",\"name\":\"G\u0103se\u0219te-\u021bi echipajul - MEGA FLEX A\\\/S\",\"isPartOf\":{\"@id\":\"https:\\\/\\\/megaflex.dk\\\/ro\\\/#website\"},\"primaryImageOfPage\":{\"@id\":\"https:\\\/\\\/megaflex.dk\\\/ro\\\/gaseste-ti-echipajul\\\/#primaryimage\"},\"image\":{\"@id\":\"https:\\\/\\\/megaflex.dk\\\/ro\\\/gaseste-ti-echipajul\\\/#primaryimage\"},\"thumbnailUrl\":\"https:\\\/\\\/megaflex.dk\\\/wp-content\\\/uploads\\\/2022\\\/09\\\/MEGA-FLEX-professionelle-og-engagerede-medarbejdere.jpg\",\"datePublished\":\"2025-03-31T13:07:47+00:00\",\"dateModified\":\"2025-04-09T16:29:58+00:00\",\"breadcrumb\":{\"@id\":\"https:\\\/\\\/megaflex.dk\\\/ro\\\/gaseste-ti-echipajul\\\/#breadcrumb\"},\"inLanguage\":\"ro-RO\",\"potentialAction\":[{\"@type\":\"ReadAction\",\"target\":[\"https:\\\/\\\/megaflex.dk\\\/ro\\\/gaseste-ti-echipajul\\\/\"]}]},{\"@type\":\"ImageObject\",\"inLanguage\":\"ro-RO\",\"@id\":\"https:\\\/\\\/megaflex.dk\\\/ro\\\/gaseste-ti-echipajul\\\/#primaryimage\",\"url\":\"https:\\\/\\\/megaflex.dk\\\/wp-content\\\/uploads\\\/2022\\\/09\\\/MEGA-FLEX-professionelle-og-engagerede-medarbejdere.jpg\",\"contentUrl\":\"https:\\\/\\\/megaflex.dk\\\/wp-content\\\/uploads\\\/2022\\\/09\\\/MEGA-FLEX-professionelle-og-engagerede-medarbejdere.jpg\"},{\"@type\":\"BreadcrumbList\",\"@id\":\"https:\\\/\\\/megaflex.dk\\\/ro\\\/gaseste-ti-echipajul\\\/#breadcrumb\",\"itemListElement\":[{\"@type\":\"ListItem\",\"position\":1,\"name\":\"Hjem\",\"item\":\"https:\\\/\\\/megaflex.dk\\\/ro\\\/\"},{\"@type\":\"ListItem\",\"position\":2,\"name\":\"G\u0103se\u0219te-\u021bi echipajul\"}]},{\"@type\":\"WebSite\",\"@id\":\"https:\\\/\\\/megaflex.dk\\\/ro\\\/#website\",\"url\":\"https:\\\/\\\/megaflex.dk\\\/ro\\\/\",\"name\":\"MEGA FLEX A\\\/S\",\"description\":\"\",\"publisher\":{\"@id\":\"https:\\\/\\\/megaflex.dk\\\/ro\\\/#organization\"},\"potentialAction\":[{\"@type\":\"SearchAction\",\"target\":{\"@type\":\"EntryPoint\",\"urlTemplate\":\"https:\\\/\\\/megaflex.dk\\\/ro\\\/?s={search_term_string}\"},\"query-input\":{\"@type\":\"PropertyValueSpecification\",\"valueRequired\":true,\"valueName\":\"search_term_string\"}}],\"inLanguage\":\"ro-RO\"},{\"@type\":\"Organization\",\"@id\":\"https:\\\/\\\/megaflex.dk\\\/ro\\\/#organization\",\"name\":\"MEGA FLEX A\\\/S\",\"url\":\"https:\\\/\\\/megaflex.dk\\\/ro\\\/\",\"logo\":{\"@type\":\"ImageObject\",\"inLanguage\":\"ro-RO\",\"@id\":\"https:\\\/\\\/megaflex.dk\\\/ro\\\/#\\\/schema\\\/logo\\\/image\\\/\",\"url\":\"https:\\\/\\\/megaflex.dk\\\/wp-content\\\/uploads\\\/2021\\\/06\\\/cropped-Mega_Flex_LOGO_BLAA_ikon-01.png\",\"contentUrl\":\"https:\\\/\\\/megaflex.dk\\\/wp-content\\\/uploads\\\/2021\\\/06\\\/cropped-Mega_Flex_LOGO_BLAA_ikon-01.png\",\"width\":512,\"height\":512,\"caption\":\"MEGA FLEX A\\\/S\"},\"image\":{\"@id\":\"https:\\\/\\\/megaflex.dk\\\/ro\\\/#\\\/schema\\\/logo\\\/image\\\/\"},\"sameAs\":[\"https:\\\/\\\/www.facebook.com\\\/megaflex.dk\",\"https:\\\/\\\/www.linkedin.com\\\/company\\\/mega-flex-a-s?trk=nav_account_sub_nav_company_admin\"]}]}<\/script>\n<!-- \/ Yoast SEO plugin. -->","yoast_head_json":{"title":"G\u0103se\u0219te-\u021bi echipajul - MEGA FLEX A\/S","robots":{"index":"index","follow":"follow","max-snippet":"max-snippet:-1","max-image-preview":"max-image-preview:large","max-video-preview":"max-video-preview:-1"},"canonical":"https:\/\/megaflex.dk\/ro\/gaseste-ti-echipajul\/","og_locale":"ro_RO","og_type":"article","og_title":"G\u0103se\u0219te-\u021bi echipajul - MEGA FLEX A\/S","og_description":"G\u0103se\u0219te-\u021bi echipajul \u00ceNCHIRIAT | RECRUTARE | \u00ceNCERCA\u021aI \u0219i \u00ceNCHIRIA\u021aI | EXTERNALIZAREA Flexibilitatea este domeniul nostru de baz\u0103 &#8211; care este al t\u0103u? Din 1990, MEGA FLEX ofer\u0103 cele mai bune solu\u021bii clien\u021bilor lor. De peste 30 de ani, obiectivul nostru a fost s\u0103 r\u0103spundem cererilor clien\u021bilor \u00een cel mai scurt timp. Modul nostru de a [&hellip;]","og_url":"https:\/\/megaflex.dk\/ro\/gaseste-ti-echipajul\/","og_site_name":"MEGA FLEX A\/S","article_publisher":"https:\/\/www.facebook.com\/megaflex.dk","article_modified_time":"2025-04-09T16:29:58+00:00","og_image":[{"width":700,"height":700,"url":"https:\/\/megaflex.dk\/wp-content\/uploads\/2022\/09\/MEGA-FLEX-professionelle-og-engagerede-medarbejdere.jpg","type":"image\/jpeg"}],"twitter_misc":{"Timp estimat pentru citire":"2 minute"},"schema":{"@context":"https:\/\/schema.org","@graph":[{"@type":"WebPage","@id":"https:\/\/megaflex.dk\/ro\/gaseste-ti-echipajul\/","url":"https:\/\/megaflex.dk\/ro\/gaseste-ti-echipajul\/","name":"G\u0103se\u0219te-\u021bi echipajul - MEGA FLEX A\/S","isPartOf":{"@id":"https:\/\/megaflex.dk\/ro\/#website"},"primaryImageOfPage":{"@id":"https:\/\/megaflex.dk\/ro\/gaseste-ti-echipajul\/#primaryimage"},"image":{"@id":"https:\/\/megaflex.dk\/ro\/gaseste-ti-echipajul\/#primaryimage"},"thumbnailUrl":"https:\/\/megaflex.dk\/wp-content\/uploads\/2022\/09\/MEGA-FLEX-professionelle-og-engagerede-medarbejdere.jpg","datePublished":"2025-03-31T13:07:47+00:00","dateModified":"2025-04-09T16:29:58+00:00","breadcrumb":{"@id":"https:\/\/megaflex.dk\/ro\/gaseste-ti-echipajul\/#breadcrumb"},"inLanguage":"ro-RO","potentialAction":[{"@type":"ReadAction","target":["https:\/\/megaflex.dk\/ro\/gaseste-ti-echipajul\/"]}]},{"@type":"ImageObject","inLanguage":"ro-RO","@id":"https:\/\/megaflex.dk\/ro\/gaseste-ti-echipajul\/#primaryimage","url":"https:\/\/megaflex.dk\/wp-content\/uploads\/2022\/09\/MEGA-FLEX-professionelle-og-engagerede-medarbejdere.jpg","contentUrl":"https:\/\/megaflex.dk\/wp-content\/uploads\/2022\/09\/MEGA-FLEX-professionelle-og-engagerede-medarbejdere.jpg"},{"@type":"BreadcrumbList","@id":"https:\/\/megaflex.dk\/ro\/gaseste-ti-echipajul\/#breadcrumb","itemListElement":[{"@type":"ListItem","position":1,"name":"Hjem","item":"https:\/\/megaflex.dk\/ro\/"},{"@type":"ListItem","position":2,"name":"G\u0103se\u0219te-\u021bi echipajul"}]},{"@type":"WebSite","@id":"https:\/\/megaflex.dk\/ro\/#website","url":"https:\/\/megaflex.dk\/ro\/","name":"MEGA FLEX A\/S","description":"","publisher":{"@id":"https:\/\/megaflex.dk\/ro\/#organization"},"potentialAction":[{"@type":"SearchAction","target":{"@type":"EntryPoint","urlTemplate":"https:\/\/megaflex.dk\/ro\/?s={search_term_string}"},"query-input":{"@type":"PropertyValueSpecification","valueRequired":true,"valueName":"search_term_string"}}],"inLanguage":"ro-RO"},{"@type":"Organization","@id":"https:\/\/megaflex.dk\/ro\/#organization","name":"MEGA FLEX A\/S","url":"https:\/\/megaflex.dk\/ro\/","logo":{"@type":"ImageObject","inLanguage":"ro-RO","@id":"https:\/\/megaflex.dk\/ro\/#\/schema\/logo\/image\/","url":"https:\/\/megaflex.dk\/wp-content\/uploads\/2021\/06\/cropped-Mega_Flex_LOGO_BLAA_ikon-01.png","contentUrl":"https:\/\/megaflex.dk\/wp-content\/uploads\/2021\/06\/cropped-Mega_Flex_LOGO_BLAA_ikon-01.png","width":512,"height":512,"caption":"MEGA FLEX A\/S"},"image":{"@id":"https:\/\/megaflex.dk\/ro\/#\/schema\/logo\/image\/"},"sameAs":["https:\/\/www.facebook.com\/megaflex.dk","https:\/\/www.linkedin.com\/company\/mega-flex-a-s?trk=nav_account_sub_nav_company_admin"]}]}},"_links":{"self":[{"href":"https:\/\/megaflex.dk\/ro\/wp-json\/wp\/v2\/pages\/14758","targetHints":{"allow":["GET"]}}],"collection":[{"href":"https:\/\/megaflex.dk\/ro\/wp-json\/wp\/v2\/pages"}],"about":[{"href":"https:\/\/megaflex.dk\/ro\/wp-json\/wp\/v2\/types\/page"}],"author":[{"embeddable":true,"href":"https:\/\/megaflex.dk\/ro\/wp-json\/wp\/v2\/users\/18"}],"replies":[{"embeddable":true,"href":"https:\/\/megaflex.dk\/ro\/wp-json\/wp\/v2\/comments?post=14758"}],"version-history":[{"count":0,"href":"https:\/\/megaflex.dk\/ro\/wp-json\/wp\/v2\/pages\/14758\/revisions"}],"wp:attachment":[{"href":"https:\/\/megaflex.dk\/ro\/wp-json\/wp\/v2\/media?parent=14758"}],"curies":[{"name":"wp","href":"https:\/\/api.w.org\/{rel}","templated":true}]}}